{"id":415,"date":"2025-01-17T00:53:24","date_gmt":"2025-01-17T00:53:24","guid":{"rendered":"https:\/\/canadvactravel.com\/?page_id=415"},"modified":"2026-03-28T18:28:29","modified_gmt":"2026-03-28T21:28:29","slug":"career","status":"publish","type":"page","link":"https:\/\/canadvactravel.com\/de\/career\/","title":{"rendered":"Karriere"},"content":{"rendered":"<div class=\"et_pb_section_0 et_pb_section et_section_regular et_block_section\"><div class=\"et_pb_row_0 et_pb_row et_block_row\"><div class=\"et_pb_column_0 et_pb_column et_pb_column_4_4 et-last-child et_block_column et_pb_css_mix_blend_mode_passthrough\"><div class=\"et_pb_heading_0 et_pb_heading et_pb_module et_block_module\"><div class=\"et_pb_heading_container\"><h1 class=\"et_pb_module_header\">Karriere<\/h1><\/div><\/div><\/div><\/div><\/div><div class=\"et_pb_section_1 et_pb_section et_section_regular et_block_section\"><div class=\"et_pb_row_1 et_pb_row et_block_row\"><div class=\"et_pb_column_1 et_pb_column et_pb_column_4_4 et-last-child et_block_column et_pb_css_mix_blend_mode_passthrough\"><div class=\"et_pb_text_0 et_pb_text et_pb_bg_layout_light et_pb_module et_block_module\"><div class=\"et_pb_text_inner\"><p>Seit \u00fcber 30 Jahren ist Canadvac Travel Services der Spezialist f\u00fcr Reisen nach Ostkanada. Wir bieten umfassende Dienstleistungen f\u00fcr haupts\u00e4chlich europ\u00e4ische, aber auch australische und nordamerikanische Reiseveranstalter.<\/p>\n<p><strong>Reservierungsmitarbeiter \u2013 Vollzeit<\/strong><\/p>\n<p>Wir suchen eine motivierte, detailorientierte und serviceorientierte Person, die f\u00fcr FIT-Reservierungsanfragen unserer Reiseveranstalter, Produktinformationsanfragen, die Passagierbetreuung und die Gestaltung von Reiserouten nach Kundenwunsch verantwortlich ist. Dar\u00fcber hinaus \u00fcbernimmt die Person die Leitung unseres Reservierungsteams und \u00fcberwacht die t\u00e4glichen Reservierungsaufgaben.<\/p>\n<p>Zu den Aufgaben geh\u00f6ren unter anderem:<\/p>\n<ul>\n<li>F\u00fchren Sie nach Bedarf Verwaltungsaufgaben durch<\/li>\n<li>Eingehende Telefonanrufe entgegennehmen, beantworten und weiterleiten<\/li>\n<li>Beantworten Sie Anfragen zu Buchungen, Reiserouten, Produkten und anderen Anfragen von Kunden und Lieferanten<\/li>\n<li>Dateneingabe und Datenbankpflege im Zusammenhang mit den Angeboten von Canadvac<\/li>\n<li>Bearbeiten Sie neue Reservierungen, Stornierungen und \u00c4nderungen bestehender Reservierungen<\/li>\n<li>Bauen Sie Beziehungen zu Kunden und Lieferanten auf<\/li>\n<li>Passagierunterst\u00fctzung leisten<\/li>\n<li>Behalten Sie ein hohes Ma\u00df an geografischen Kenntnissen \u00fcber den Atlantik und Zentralkanada bei<\/li>\n<li>Nachweis von Reservierungen, um die Genauigkeit und den reibungslosen Ablauf der gebuchten Reiserouten sicherzustellen<\/li>\n<li>Unterst\u00fctzen Sie bei der Fertigstellung von Projekten, wie zugewiesen<\/li>\n<\/ul>\n<p>Anforderungen an die Position:<\/p>\n<ul>\n<li>F\u00e4higkeit, unter Druck und mit mehreren Aufgaben gleichzeitig zu arbeiten<\/li>\n<li>F\u00e4higkeit, Entscheidungen zu treffen und auftretende Probleme zu l\u00f6sen<\/li>\n<li>Muss in der Lage sein, effektiv m\u00fcndlich und schriftlich auf Englisch, Franz\u00f6sisch und\/oder Deutsch zu kommunizieren<\/li>\n<li>Postsekund\u00e4re Schulbildung<\/li>\n<li>4 bis 5 Jahre Erfahrung im Tourismus oder Kundenservice<\/li>\n<li>Muss bei Bedarf abends und am Wochenende arbeiten k\u00f6nnen<\/li>\n<li>F\u00e4higkeit, Aufgaben zu planen und zu organisieren und Priorit\u00e4ten zu setzen<\/li>\n<li>Muss eine detailorientierte und gut organisierte Person sein<\/li>\n<\/ul>\n<p>Kontaktieren Sie uns:<\/p>\n<p>246 King St. East<br \/>Saint John, NB<br \/>E2L 1H5<\/p>\n<p>Tel: (902) 273-4040<br \/>info@canadvac.com<\/p>\n<\/div><\/div><\/div><\/div><\/div>","protected":false},"excerpt":{"rendered":"","protected":false},"author":1,"featured_media":0,"parent":0,"menu_order":0,"comment_status":"closed","ping_status":"closed","template":"","meta":{"_acf_changed":false,"footnotes":""},"class_list":["post-415","page","type-page","status-publish","hentry"],"acf":[],"_links":{"self":[{"href":"https:\/\/canadvactravel.com\/de\/wp-json\/wp\/v2\/pages\/415","targetHints":{"allow":["GET"]}}],"collection":[{"href":"https:\/\/canadvactravel.com\/de\/wp-json\/wp\/v2\/pages"}],"about":[{"href":"https:\/\/canadvactravel.com\/de\/wp-json\/wp\/v2\/types\/page"}],"author":[{"embeddable":true,"href":"https:\/\/canadvactravel.com\/de\/wp-json\/wp\/v2\/users\/1"}],"replies":[{"embeddable":true,"href":"https:\/\/canadvactravel.com\/de\/wp-json\/wp\/v2\/comments?post=415"}],"version-history":[{"count":5,"href":"https:\/\/canadvactravel.com\/de\/wp-json\/wp\/v2\/pages\/415\/revisions"}],"predecessor-version":[{"id":6453,"href":"https:\/\/canadvactravel.com\/de\/wp-json\/wp\/v2\/pages\/415\/revisions\/6453"}],"wp:attachment":[{"href":"https:\/\/canadvactravel.com\/de\/wp-json\/wp\/v2\/media?parent=415"}],"curies":[{"name":"wp","href":"https:\/\/api.w.org\/{rel}","templated":true}]}}